{"id":8691,"date":"2024-11-12T20:28:36","date_gmt":"2024-11-12T20:28:36","guid":{"rendered":"https:\/\/dev-v2.graecherhof.ch\/product\/turm-suite\/"},"modified":"2025-01-18T15:05:06","modified_gmt":"2025-01-18T15:05:06","slug":"classic-family-suite-turm","status":"publish","type":"product","link":"https:\/\/dev-v2.graecherhof.ch\/de\/produkt\/classic-family-suite-turm\/","title":{"rendered":"Classic Family Suite &#8222;Turm&#8220;"},"content":{"rendered":"<p>Eine grosse Deluxe-Suite mit Verbindungst\u00fcr, mit Blick auf die Berge, einem schwedischen Kamin und 2 B\u00e4dern. M\u00f6gliche Belegung: 4 Erwachsene, zus\u00e4tzlich 1-2 zus\u00e4tzliche Einzelschlafsofas und\/oder Babybetten m\u00f6glich.<\/p>\n","protected":false},"excerpt":{"rendered":"<p>Eine grosse Deluxe-Suite mit Verbindungst\u00fcr, mit Blick auf die Berge, einem schwedischen Kamin und 2 B\u00e4dern. M\u00f6gliche Belegung: 4 Erwachsene, zus\u00e4tzlich 1-2 zus\u00e4tzliche Einzelschlafsofas und\/oder Babybetten m\u00f6glich.<\/p>\n","protected":false},"featured_media":8045,"comment_status":"open","ping_status":"closed","template":"","meta":[],"product_cat":[67],"product_tag":[68],"class_list":{"0":"post-8691","1":"product","2":"type-product","3":"status-publish","4":"has-post-thumbnail","6":"product_cat-familie","7":"product_tag-turm-suite","9":"first","10":"instock","11":"shipping-taxable","12":"product-type-ovabrw_car_rental"},"yoast_head":"<!-- This site is optimized with the Yoast SEO plugin v23.9 - https:\/\/yoast.com\/wordpress\/plugins\/seo\/ -->\n<title>Classic Family Suite &quot;Turm&quot; - Graecherhof<\/title>\n<meta name=\"robots\" content=\"index, follow, max-snippet:-1, max-image-preview:large, max-video-preview:-1\" \/>\n<link rel=\"canonical\" href=\"https:\/\/dev-v2.graecherhof.ch\/de\/produkt\/classic-family-suite-turm\/\" \/>\n<meta property=\"og:locale\" content=\"de_DE\" \/>\n<meta property=\"og:type\" content=\"article\" \/>\n<meta property=\"og:title\" content=\"Classic Family Suite &quot;Turm&quot; - Graecherhof\" \/>\n<meta property=\"og:description\" content=\"Eine grosse Deluxe-Suite mit Verbindungst\u00fcr, mit Blick auf die Berge, einem schwedischen Kamin und 2 B\u00e4dern. M\u00f6gliche Belegung: 4 Erwachsene, zus\u00e4tzlich 1-2 zus\u00e4tzliche Einzelschlafsofas und\/oder Babybetten m\u00f6glich.\" \/>\n<meta property=\"og:url\" content=\"https:\/\/dev-v2.graecherhof.ch\/de\/produkt\/classic-family-suite-turm\/\" \/>\n<meta property=\"og:site_name\" content=\"Graecherhof\" \/>\n<meta property=\"article:modified_time\" content=\"2025-01-18T15:05:06+00:00\" \/>\n<meta property=\"og:image\" content=\"https:\/\/dev-v2.graecherhof.ch\/wp-content\/uploads\/2024\/11\/20230415-134805A-HDR-TDR.jpg\" \/>\n\t<meta property=\"og:image:width\" content=\"1366\" \/>\n\t<meta property=\"og:image:height\" content=\"1366\" \/>\n\t<meta property=\"og:image:type\" content=\"image\/jpeg\" \/>\n<meta name=\"twitter:card\" content=\"summary_large_image\" \/>\n<meta name=\"twitter:label1\" content=\"Gesch\u00e4tzte Lesezeit\" \/>\n\t<meta name=\"twitter:data1\" content=\"1\u00a0Minute\" \/>\n<script type=\"application\/ld+json\" class=\"yoast-schema-graph\">{\"@context\":\"https:\/\/schema.org\",\"@graph\":[{\"@type\":\"WebPage\",\"@id\":\"https:\/\/dev-v2.graecherhof.ch\/de\/produkt\/classic-family-suite-turm\/\",\"url\":\"https:\/\/dev-v2.graecherhof.ch\/de\/produkt\/classic-family-suite-turm\/\",\"name\":\"Classic Family Suite \\\"Turm\\\" - Graecherhof\",\"isPartOf\":{\"@id\":\"https:\/\/dev-v2.graecherhof.ch\/#website\"},\"primaryImageOfPage\":{\"@id\":\"https:\/\/dev-v2.graecherhof.ch\/de\/produkt\/classic-family-suite-turm\/#primaryimage\"},\"image\":{\"@id\":\"https:\/\/dev-v2.graecherhof.ch\/de\/produkt\/classic-family-suite-turm\/#primaryimage\"},\"thumbnailUrl\":\"https:\/\/dev-v2.graecherhof.ch\/wp-content\/uploads\/2024\/11\/20230415-134805A-HDR-TDR.jpg\",\"datePublished\":\"2024-11-12T20:28:36+00:00\",\"dateModified\":\"2025-01-18T15:05:06+00:00\",\"breadcrumb\":{\"@id\":\"https:\/\/dev-v2.graecherhof.ch\/de\/produkt\/classic-family-suite-turm\/#breadcrumb\"},\"inLanguage\":\"de\",\"potentialAction\":[{\"@type\":\"ReadAction\",\"target\":[\"https:\/\/dev-v2.graecherhof.ch\/de\/produkt\/classic-family-suite-turm\/\"]}]},{\"@type\":\"ImageObject\",\"inLanguage\":\"de\",\"@id\":\"https:\/\/dev-v2.graecherhof.ch\/de\/produkt\/classic-family-suite-turm\/#primaryimage\",\"url\":\"https:\/\/dev-v2.graecherhof.ch\/wp-content\/uploads\/2024\/11\/20230415-134805A-HDR-TDR.jpg\",\"contentUrl\":\"https:\/\/dev-v2.graecherhof.ch\/wp-content\/uploads\/2024\/11\/20230415-134805A-HDR-TDR.jpg\",\"width\":1366,\"height\":1366},{\"@type\":\"BreadcrumbList\",\"@id\":\"https:\/\/dev-v2.graecherhof.ch\/de\/produkt\/classic-family-suite-turm\/#breadcrumb\",\"itemListElement\":[{\"@type\":\"ListItem\",\"position\":1,\"name\":\"Home\",\"item\":\"https:\/\/dev-v2.graecherhof.ch\/\"},{\"@type\":\"ListItem\",\"position\":2,\"name\":\"Shop\",\"item\":\"https:\/\/dev-v2.graecherhof.ch\/shop\/\"},{\"@type\":\"ListItem\",\"position\":3,\"name\":\"Classic Family Suite &#8220;Turm&#8221;\"}]},{\"@type\":\"WebSite\",\"@id\":\"https:\/\/dev-v2.graecherhof.ch\/#website\",\"url\":\"https:\/\/dev-v2.graecherhof.ch\/\",\"name\":\"Graecherhof\",\"description\":\"Hotel &amp; SPA\",\"potentialAction\":[{\"@type\":\"SearchAction\",\"target\":{\"@type\":\"EntryPoint\",\"urlTemplate\":\"https:\/\/dev-v2.graecherhof.ch\/?s={search_term_string}\"},\"query-input\":{\"@type\":\"PropertyValueSpecification\",\"valueRequired\":true,\"valueName\":\"search_term_string\"}}],\"inLanguage\":\"de\"}]}<\/script>\n<!-- \/ Yoast SEO plugin. -->","yoast_head_json":{"title":"Classic Family Suite \"Turm\" - Graecherhof","robots":{"index":"index","follow":"follow","max-snippet":"max-snippet:-1","max-image-preview":"max-image-preview:large","max-video-preview":"max-video-preview:-1"},"canonical":"https:\/\/dev-v2.graecherhof.ch\/de\/produkt\/classic-family-suite-turm\/","og_locale":"de_DE","og_type":"article","og_title":"Classic Family Suite \"Turm\" - Graecherhof","og_description":"Eine grosse Deluxe-Suite mit Verbindungst\u00fcr, mit Blick auf die Berge, einem schwedischen Kamin und 2 B\u00e4dern. M\u00f6gliche Belegung: 4 Erwachsene, zus\u00e4tzlich 1-2 zus\u00e4tzliche Einzelschlafsofas und\/oder Babybetten m\u00f6glich.","og_url":"https:\/\/dev-v2.graecherhof.ch\/de\/produkt\/classic-family-suite-turm\/","og_site_name":"Graecherhof","article_modified_time":"2025-01-18T15:05:06+00:00","og_image":[{"width":1366,"height":1366,"url":"https:\/\/dev-v2.graecherhof.ch\/wp-content\/uploads\/2024\/11\/20230415-134805A-HDR-TDR.jpg","type":"image\/jpeg"}],"twitter_card":"summary_large_image","twitter_misc":{"Gesch\u00e4tzte Lesezeit":"1\u00a0Minute"},"schema":{"@context":"https:\/\/schema.org","@graph":[{"@type":"WebPage","@id":"https:\/\/dev-v2.graecherhof.ch\/de\/produkt\/classic-family-suite-turm\/","url":"https:\/\/dev-v2.graecherhof.ch\/de\/produkt\/classic-family-suite-turm\/","name":"Classic Family Suite \"Turm\" - Graecherhof","isPartOf":{"@id":"https:\/\/dev-v2.graecherhof.ch\/#website"},"primaryImageOfPage":{"@id":"https:\/\/dev-v2.graecherhof.ch\/de\/produkt\/classic-family-suite-turm\/#primaryimage"},"image":{"@id":"https:\/\/dev-v2.graecherhof.ch\/de\/produkt\/classic-family-suite-turm\/#primaryimage"},"thumbnailUrl":"https:\/\/dev-v2.graecherhof.ch\/wp-content\/uploads\/2024\/11\/20230415-134805A-HDR-TDR.jpg","datePublished":"2024-11-12T20:28:36+00:00","dateModified":"2025-01-18T15:05:06+00:00","breadcrumb":{"@id":"https:\/\/dev-v2.graecherhof.ch\/de\/produkt\/classic-family-suite-turm\/#breadcrumb"},"inLanguage":"de","potentialAction":[{"@type":"ReadAction","target":["https:\/\/dev-v2.graecherhof.ch\/de\/produkt\/classic-family-suite-turm\/"]}]},{"@type":"ImageObject","inLanguage":"de","@id":"https:\/\/dev-v2.graecherhof.ch\/de\/produkt\/classic-family-suite-turm\/#primaryimage","url":"https:\/\/dev-v2.graecherhof.ch\/wp-content\/uploads\/2024\/11\/20230415-134805A-HDR-TDR.jpg","contentUrl":"https:\/\/dev-v2.graecherhof.ch\/wp-content\/uploads\/2024\/11\/20230415-134805A-HDR-TDR.jpg","width":1366,"height":1366},{"@type":"BreadcrumbList","@id":"https:\/\/dev-v2.graecherhof.ch\/de\/produkt\/classic-family-suite-turm\/#breadcrumb","itemListElement":[{"@type":"ListItem","position":1,"name":"Home","item":"https:\/\/dev-v2.graecherhof.ch\/"},{"@type":"ListItem","position":2,"name":"Shop","item":"https:\/\/dev-v2.graecherhof.ch\/shop\/"},{"@type":"ListItem","position":3,"name":"Classic Family Suite &#8220;Turm&#8221;"}]},{"@type":"WebSite","@id":"https:\/\/dev-v2.graecherhof.ch\/#website","url":"https:\/\/dev-v2.graecherhof.ch\/","name":"Graecherhof","description":"Hotel &amp; SPA","potentialAction":[{"@type":"SearchAction","target":{"@type":"EntryPoint","urlTemplate":"https:\/\/dev-v2.graecherhof.ch\/?s={search_term_string}"},"query-input":{"@type":"PropertyValueSpecification","valueRequired":true,"valueName":"search_term_string"}}],"inLanguage":"de"}]}},"_links":{"self":[{"href":"https:\/\/dev-v2.graecherhof.ch\/de\/wp-json\/wp\/v2\/product\/8691","targetHints":{"allow":["GET"]}}],"collection":[{"href":"https:\/\/dev-v2.graecherhof.ch\/de\/wp-json\/wp\/v2\/product"}],"about":[{"href":"https:\/\/dev-v2.graecherhof.ch\/de\/wp-json\/wp\/v2\/types\/product"}],"replies":[{"embeddable":true,"href":"https:\/\/dev-v2.graecherhof.ch\/de\/wp-json\/wp\/v2\/comments?post=8691"}],"wp:featuredmedia":[{"embeddable":true,"href":"https:\/\/dev-v2.graecherhof.ch\/de\/wp-json\/wp\/v2\/media\/8045"}],"wp:attachment":[{"href":"https:\/\/dev-v2.graecherhof.ch\/de\/wp-json\/wp\/v2\/media?parent=8691"}],"wp:term":[{"taxonomy":"product_cat","embeddable":true,"href":"https:\/\/dev-v2.graecherhof.ch\/de\/wp-json\/wp\/v2\/product_cat?post=8691"},{"taxonomy":"product_tag","embeddable":true,"href":"https:\/\/dev-v2.graecherhof.ch\/de\/wp-json\/wp\/v2\/product_tag?post=8691"}],"curies":[{"name":"wp","href":"https:\/\/api.w.org\/{rel}","templated":true}]}}