{"id":9214,"date":"2022-02-22T04:32:10","date_gmt":"2022-02-22T04:32:10","guid":{"rendered":"https:\/\/dev-v2.graecherhof.ch\/product\/familie-turm\/"},"modified":"2025-01-18T15:11:40","modified_gmt":"2025-01-18T15:11:40","slug":"classic-family-room-turm","status":"publish","type":"product","link":"https:\/\/dev-v2.graecherhof.ch\/de\/produkt\/classic-family-room-turm\/","title":{"rendered":"Classic Family-Room &#8222;Turm&#8220;"},"content":{"rendered":"<p>Ein luxuri\u00f6ses Zimmer auf dem Dach des Turms mit Blick auf die Berge an der Ostseite und einem schwedischen Kamin. Eine steile Treppe f\u00fchrt hinauf zu 2 Ebenen mit jeweils XL-Schlafgalerien. M\u00f6gliche Belegung: 2 Erwachsene, 4 Kinder in zus\u00e4tzlich 1extra Schlafsofa oder Babybett m\u00f6glich.<\/p>\n","protected":false},"excerpt":{"rendered":"<p>Sie haben Zugang zu Ihrem eigenen Balkon. Das Zimmer ist mit moderner und luxuri\u00f6ser Ausstattung versehen, um Ihnen eine sch\u00f6ne Zeit zu bereiten.<\/p>\n","protected":false},"featured_media":8039,"comment_status":"open","ping_status":"closed","template":"","meta":[],"product_cat":[67],"product_tag":[97],"class_list":{"0":"post-9214","1":"product","2":"type-product","3":"status-publish","4":"has-post-thumbnail","6":"product_cat-familie","7":"product_tag-familie-turm","9":"first","10":"instock","11":"shipping-taxable","12":"purchasable","13":"product-type-ovabrw_car_rental"},"yoast_head":"<!-- This site is optimized with the Yoast SEO plugin v23.9 - https:\/\/yoast.com\/wordpress\/plugins\/seo\/ -->\n<title>Classic Family-Room &quot;Turm&quot; - Graecherhof<\/title>\n<meta name=\"robots\" content=\"index, follow, max-snippet:-1, max-image-preview:large, max-video-preview:-1\" \/>\n<link rel=\"canonical\" href=\"https:\/\/dev-v2.graecherhof.ch\/de\/produkt\/classic-family-room-turm\/\" \/>\n<meta property=\"og:locale\" content=\"de_DE\" \/>\n<meta property=\"og:type\" content=\"article\" \/>\n<meta property=\"og:title\" content=\"Classic Family-Room &quot;Turm&quot; - Graecherhof\" \/>\n<meta property=\"og:description\" content=\"Sie haben Zugang zu Ihrem eigenen Balkon. Das Zimmer ist mit moderner und luxuri\u00f6ser Ausstattung versehen, um Ihnen eine sch\u00f6ne Zeit zu bereiten.\" \/>\n<meta property=\"og:url\" content=\"https:\/\/dev-v2.graecherhof.ch\/de\/produkt\/classic-family-room-turm\/\" \/>\n<meta property=\"og:site_name\" content=\"Graecherhof\" \/>\n<meta property=\"article:modified_time\" content=\"2025-01-18T15:11:40+00:00\" \/>\n<meta property=\"og:image\" content=\"https:\/\/dev-v2.graecherhof.ch\/wp-content\/uploads\/2022\/02\/20230415-135646A-HDR-RTS-1.jpg\" \/>\n\t<meta property=\"og:image:width\" content=\"1380\" \/>\n\t<meta property=\"og:image:height\" content=\"1380\" \/>\n\t<meta property=\"og:image:type\" content=\"image\/jpeg\" \/>\n<meta name=\"twitter:card\" content=\"summary_large_image\" \/>\n<meta name=\"twitter:label1\" content=\"Gesch\u00e4tzte Lesezeit\" \/>\n\t<meta name=\"twitter:data1\" content=\"1\u00a0Minute\" \/>\n<script type=\"application\/ld+json\" class=\"yoast-schema-graph\">{\"@context\":\"https:\/\/schema.org\",\"@graph\":[{\"@type\":\"WebPage\",\"@id\":\"https:\/\/dev-v2.graecherhof.ch\/de\/produkt\/classic-family-room-turm\/\",\"url\":\"https:\/\/dev-v2.graecherhof.ch\/de\/produkt\/classic-family-room-turm\/\",\"name\":\"Classic Family-Room \\\"Turm\\\" - Graecherhof\",\"isPartOf\":{\"@id\":\"https:\/\/dev-v2.graecherhof.ch\/#website\"},\"primaryImageOfPage\":{\"@id\":\"https:\/\/dev-v2.graecherhof.ch\/de\/produkt\/classic-family-room-turm\/#primaryimage\"},\"image\":{\"@id\":\"https:\/\/dev-v2.graecherhof.ch\/de\/produkt\/classic-family-room-turm\/#primaryimage\"},\"thumbnailUrl\":\"https:\/\/dev-v2.graecherhof.ch\/wp-content\/uploads\/2022\/02\/20230415-135646A-HDR-RTS-1.jpg\",\"datePublished\":\"2022-02-22T04:32:10+00:00\",\"dateModified\":\"2025-01-18T15:11:40+00:00\",\"breadcrumb\":{\"@id\":\"https:\/\/dev-v2.graecherhof.ch\/de\/produkt\/classic-family-room-turm\/#breadcrumb\"},\"inLanguage\":\"de\",\"potentialAction\":[{\"@type\":\"ReadAction\",\"target\":[\"https:\/\/dev-v2.graecherhof.ch\/de\/produkt\/classic-family-room-turm\/\"]}]},{\"@type\":\"ImageObject\",\"inLanguage\":\"de\",\"@id\":\"https:\/\/dev-v2.graecherhof.ch\/de\/produkt\/classic-family-room-turm\/#primaryimage\",\"url\":\"https:\/\/dev-v2.graecherhof.ch\/wp-content\/uploads\/2022\/02\/20230415-135646A-HDR-RTS-1.jpg\",\"contentUrl\":\"https:\/\/dev-v2.graecherhof.ch\/wp-content\/uploads\/2022\/02\/20230415-135646A-HDR-RTS-1.jpg\",\"width\":1380,\"height\":1380,\"caption\":\"Family-friendly accommodation near skiing and hiking trails in the Swiss Alps\"},{\"@type\":\"BreadcrumbList\",\"@id\":\"https:\/\/dev-v2.graecherhof.ch\/de\/produkt\/classic-family-room-turm\/#breadcrumb\",\"itemListElement\":[{\"@type\":\"ListItem\",\"position\":1,\"name\":\"Home\",\"item\":\"https:\/\/dev-v2.graecherhof.ch\/\"},{\"@type\":\"ListItem\",\"position\":2,\"name\":\"Shop\",\"item\":\"https:\/\/dev-v2.graecherhof.ch\/shop\/\"},{\"@type\":\"ListItem\",\"position\":3,\"name\":\"Classic Family-Room &#8220;Turm&#8221;\"}]},{\"@type\":\"WebSite\",\"@id\":\"https:\/\/dev-v2.graecherhof.ch\/#website\",\"url\":\"https:\/\/dev-v2.graecherhof.ch\/\",\"name\":\"Graecherhof\",\"description\":\"Hotel &amp; SPA\",\"potentialAction\":[{\"@type\":\"SearchAction\",\"target\":{\"@type\":\"EntryPoint\",\"urlTemplate\":\"https:\/\/dev-v2.graecherhof.ch\/?s={search_term_string}\"},\"query-input\":{\"@type\":\"PropertyValueSpecification\",\"valueRequired\":true,\"valueName\":\"search_term_string\"}}],\"inLanguage\":\"de\"}]}<\/script>\n<!-- \/ Yoast SEO plugin. -->","yoast_head_json":{"title":"Classic Family-Room \"Turm\" - Graecherhof","robots":{"index":"index","follow":"follow","max-snippet":"max-snippet:-1","max-image-preview":"max-image-preview:large","max-video-preview":"max-video-preview:-1"},"canonical":"https:\/\/dev-v2.graecherhof.ch\/de\/produkt\/classic-family-room-turm\/","og_locale":"de_DE","og_type":"article","og_title":"Classic Family-Room \"Turm\" - Graecherhof","og_description":"Sie haben Zugang zu Ihrem eigenen Balkon. Das Zimmer ist mit moderner und luxuri\u00f6ser Ausstattung versehen, um Ihnen eine sch\u00f6ne Zeit zu bereiten.","og_url":"https:\/\/dev-v2.graecherhof.ch\/de\/produkt\/classic-family-room-turm\/","og_site_name":"Graecherhof","article_modified_time":"2025-01-18T15:11:40+00:00","og_image":[{"width":1380,"height":1380,"url":"https:\/\/dev-v2.graecherhof.ch\/wp-content\/uploads\/2022\/02\/20230415-135646A-HDR-RTS-1.jpg","type":"image\/jpeg"}],"twitter_card":"summary_large_image","twitter_misc":{"Gesch\u00e4tzte Lesezeit":"1\u00a0Minute"},"schema":{"@context":"https:\/\/schema.org","@graph":[{"@type":"WebPage","@id":"https:\/\/dev-v2.graecherhof.ch\/de\/produkt\/classic-family-room-turm\/","url":"https:\/\/dev-v2.graecherhof.ch\/de\/produkt\/classic-family-room-turm\/","name":"Classic Family-Room \"Turm\" - Graecherhof","isPartOf":{"@id":"https:\/\/dev-v2.graecherhof.ch\/#website"},"primaryImageOfPage":{"@id":"https:\/\/dev-v2.graecherhof.ch\/de\/produkt\/classic-family-room-turm\/#primaryimage"},"image":{"@id":"https:\/\/dev-v2.graecherhof.ch\/de\/produkt\/classic-family-room-turm\/#primaryimage"},"thumbnailUrl":"https:\/\/dev-v2.graecherhof.ch\/wp-content\/uploads\/2022\/02\/20230415-135646A-HDR-RTS-1.jpg","datePublished":"2022-02-22T04:32:10+00:00","dateModified":"2025-01-18T15:11:40+00:00","breadcrumb":{"@id":"https:\/\/dev-v2.graecherhof.ch\/de\/produkt\/classic-family-room-turm\/#breadcrumb"},"inLanguage":"de","potentialAction":[{"@type":"ReadAction","target":["https:\/\/dev-v2.graecherhof.ch\/de\/produkt\/classic-family-room-turm\/"]}]},{"@type":"ImageObject","inLanguage":"de","@id":"https:\/\/dev-v2.graecherhof.ch\/de\/produkt\/classic-family-room-turm\/#primaryimage","url":"https:\/\/dev-v2.graecherhof.ch\/wp-content\/uploads\/2022\/02\/20230415-135646A-HDR-RTS-1.jpg","contentUrl":"https:\/\/dev-v2.graecherhof.ch\/wp-content\/uploads\/2022\/02\/20230415-135646A-HDR-RTS-1.jpg","width":1380,"height":1380,"caption":"Family-friendly accommodation near skiing and hiking trails in the Swiss Alps"},{"@type":"BreadcrumbList","@id":"https:\/\/dev-v2.graecherhof.ch\/de\/produkt\/classic-family-room-turm\/#breadcrumb","itemListElement":[{"@type":"ListItem","position":1,"name":"Home","item":"https:\/\/dev-v2.graecherhof.ch\/"},{"@type":"ListItem","position":2,"name":"Shop","item":"https:\/\/dev-v2.graecherhof.ch\/shop\/"},{"@type":"ListItem","position":3,"name":"Classic Family-Room &#8220;Turm&#8221;"}]},{"@type":"WebSite","@id":"https:\/\/dev-v2.graecherhof.ch\/#website","url":"https:\/\/dev-v2.graecherhof.ch\/","name":"Graecherhof","description":"Hotel &amp; SPA","potentialAction":[{"@type":"SearchAction","target":{"@type":"EntryPoint","urlTemplate":"https:\/\/dev-v2.graecherhof.ch\/?s={search_term_string}"},"query-input":{"@type":"PropertyValueSpecification","valueRequired":true,"valueName":"search_term_string"}}],"inLanguage":"de"}]}},"_links":{"self":[{"href":"https:\/\/dev-v2.graecherhof.ch\/de\/wp-json\/wp\/v2\/product\/9214","targetHints":{"allow":["GET"]}}],"collection":[{"href":"https:\/\/dev-v2.graecherhof.ch\/de\/wp-json\/wp\/v2\/product"}],"about":[{"href":"https:\/\/dev-v2.graecherhof.ch\/de\/wp-json\/wp\/v2\/types\/product"}],"replies":[{"embeddable":true,"href":"https:\/\/dev-v2.graecherhof.ch\/de\/wp-json\/wp\/v2\/comments?post=9214"}],"wp:featuredmedia":[{"embeddable":true,"href":"https:\/\/dev-v2.graecherhof.ch\/de\/wp-json\/wp\/v2\/media\/8039"}],"wp:attachment":[{"href":"https:\/\/dev-v2.graecherhof.ch\/de\/wp-json\/wp\/v2\/media?parent=9214"}],"wp:term":[{"taxonomy":"product_cat","embeddable":true,"href":"https:\/\/dev-v2.graecherhof.ch\/de\/wp-json\/wp\/v2\/product_cat?post=9214"},{"taxonomy":"product_tag","embeddable":true,"href":"https:\/\/dev-v2.graecherhof.ch\/de\/wp-json\/wp\/v2\/product_tag?post=9214"}],"curies":[{"name":"wp","href":"https:\/\/api.w.org\/{rel}","templated":true}]}}