{"id":8708,"date":"2024-11-12T21:09:39","date_gmt":"2024-11-12T21:09:39","guid":{"rendered":"https:\/\/dev-v2.graecherhof.ch\/product\/toit-alpe-aebnet\/"},"modified":"2025-01-18T16:35:50","modified_gmt":"2025-01-18T16:35:50","slug":"toit-alpe-aebnet","status":"publish","type":"product","link":"https:\/\/dev-v2.graecherhof.ch\/fr\/produit\/toit-alpe-aebnet\/","title":{"rendered":"Toit Alpe Aebnet"},"content":{"rendered":"<p>Elle dispose d&rsquo;une salle \u00e0 manger avec chemin\u00e9e et d&rsquo;une kitchenette avec r\u00e9frig\u00e9rateur. Elle comprend 3 chambres rustiques avec salle de bains priv\u00e9e et jacuzzi. Vue panoramique sur les montagnes et balcon c\u00f4t\u00e9 sud.<\/p>\n","protected":false},"excerpt":{"rendered":"<p>Elle dispose d&rsquo;une salle \u00e0 manger avec chemin\u00e9e et d&rsquo;une kitchenette avec r\u00e9frig\u00e9rateur. Elle comprend 3 chambres rustiques avec salle de bains priv\u00e9e et jacuzzi. Vue panoramique sur les montagnes et balcon c\u00f4t\u00e9 sud.<\/p>\n","protected":false},"featured_media":8048,"comment_status":"open","ping_status":"closed","template":"","meta":[],"product_cat":[69],"product_tag":[74],"class_list":{"0":"post-8708","1":"product","2":"type-product","3":"status-publish","4":"has-post-thumbnail","6":"product_cat-famille","7":"product_tag-toit-alpe-aebnet","9":"first","10":"instock","11":"shipping-taxable","12":"product-type-ovabrw_car_rental"},"yoast_head":"<!-- This site is optimized with the Yoast SEO plugin v23.9 - https:\/\/yoast.com\/wordpress\/plugins\/seo\/ -->\n<title>Toit Alpe Aebnet - Graecherhof<\/title>\n<meta name=\"robots\" content=\"index, follow, max-snippet:-1, max-image-preview:large, max-video-preview:-1\" \/>\n<link rel=\"canonical\" href=\"https:\/\/dev-v2.graecherhof.ch\/fr\/produit\/toit-alpe-aebnet\/\" \/>\n<meta property=\"og:locale\" content=\"fr_FR\" \/>\n<meta property=\"og:type\" content=\"article\" \/>\n<meta property=\"og:title\" content=\"Toit Alpe Aebnet - Graecherhof\" \/>\n<meta property=\"og:description\" content=\"Elle dispose d&rsquo;une salle \u00e0 manger avec chemin\u00e9e et d&rsquo;une kitchenette avec r\u00e9frig\u00e9rateur. Elle comprend 3 chambres rustiques avec salle de bains priv\u00e9e et jacuzzi. Vue panoramique sur les montagnes et balcon c\u00f4t\u00e9 sud.\" \/>\n<meta property=\"og:url\" content=\"https:\/\/dev-v2.graecherhof.ch\/fr\/produit\/toit-alpe-aebnet\/\" \/>\n<meta property=\"og:site_name\" content=\"Graecherhof\" \/>\n<meta property=\"article:modified_time\" content=\"2025-01-18T16:35:50+00:00\" \/>\n<meta property=\"og:image\" content=\"https:\/\/dev-v2.graecherhof.ch\/wp-content\/uploads\/2024\/11\/Romantic-Roof-Double-Room_Alpe-Balfrin-scaled-1.jpg\" \/>\n\t<meta property=\"og:image:width\" content=\"1707\" \/>\n\t<meta property=\"og:image:height\" content=\"1707\" \/>\n\t<meta property=\"og:image:type\" content=\"image\/jpeg\" \/>\n<meta name=\"twitter:card\" content=\"summary_large_image\" \/>\n<meta name=\"twitter:label1\" content=\"Dur\u00e9e de lecture estim\u00e9e\" \/>\n\t<meta name=\"twitter:data1\" content=\"1 minute\" \/>\n<script type=\"application\/ld+json\" class=\"yoast-schema-graph\">{\"@context\":\"https:\/\/schema.org\",\"@graph\":[{\"@type\":\"WebPage\",\"@id\":\"https:\/\/dev-v2.graecherhof.ch\/fr\/produit\/toit-alpe-aebnet\/\",\"url\":\"https:\/\/dev-v2.graecherhof.ch\/fr\/produit\/toit-alpe-aebnet\/\",\"name\":\"Toit Alpe Aebnet - Graecherhof\",\"isPartOf\":{\"@id\":\"https:\/\/dev-v2.graecherhof.ch\/#website\"},\"primaryImageOfPage\":{\"@id\":\"https:\/\/dev-v2.graecherhof.ch\/fr\/produit\/toit-alpe-aebnet\/#primaryimage\"},\"image\":{\"@id\":\"https:\/\/dev-v2.graecherhof.ch\/fr\/produit\/toit-alpe-aebnet\/#primaryimage\"},\"thumbnailUrl\":\"https:\/\/dev-v2.graecherhof.ch\/wp-content\/uploads\/2024\/11\/Romantic-Roof-Double-Room_Alpe-Balfrin-scaled-1.jpg\",\"datePublished\":\"2024-11-12T21:09:39+00:00\",\"dateModified\":\"2025-01-18T16:35:50+00:00\",\"breadcrumb\":{\"@id\":\"https:\/\/dev-v2.graecherhof.ch\/fr\/produit\/toit-alpe-aebnet\/#breadcrumb\"},\"inLanguage\":\"fr-FR\",\"potentialAction\":[{\"@type\":\"ReadAction\",\"target\":[\"https:\/\/dev-v2.graecherhof.ch\/fr\/produit\/toit-alpe-aebnet\/\"]}]},{\"@type\":\"ImageObject\",\"inLanguage\":\"fr-FR\",\"@id\":\"https:\/\/dev-v2.graecherhof.ch\/fr\/produit\/toit-alpe-aebnet\/#primaryimage\",\"url\":\"https:\/\/dev-v2.graecherhof.ch\/wp-content\/uploads\/2024\/11\/Romantic-Roof-Double-Room_Alpe-Balfrin-scaled-1.jpg\",\"contentUrl\":\"https:\/\/dev-v2.graecherhof.ch\/wp-content\/uploads\/2024\/11\/Romantic-Roof-Double-Room_Alpe-Balfrin-scaled-1.jpg\",\"width\":1707,\"height\":1707,\"caption\":\"Chambre \u00e9l\u00e9gante et spacieuse \u00e0 l'h\u00f4tel Gr\u00e4cherhof, id\u00e9ale pour une escapade dans les Alpes suisses.\"},{\"@type\":\"BreadcrumbList\",\"@id\":\"https:\/\/dev-v2.graecherhof.ch\/fr\/produit\/toit-alpe-aebnet\/#breadcrumb\",\"itemListElement\":[{\"@type\":\"ListItem\",\"position\":1,\"name\":\"Home\",\"item\":\"https:\/\/dev-v2.graecherhof.ch\/de\/\"},{\"@type\":\"ListItem\",\"position\":2,\"name\":\"Shop\",\"item\":\"https:\/\/dev-v2.graecherhof.ch\/shop\/\"},{\"@type\":\"ListItem\",\"position\":3,\"name\":\"Toit Alpe Aebnet\"}]},{\"@type\":\"WebSite\",\"@id\":\"https:\/\/dev-v2.graecherhof.ch\/#website\",\"url\":\"https:\/\/dev-v2.graecherhof.ch\/\",\"name\":\"Graecherhof\",\"description\":\"Hotel &amp; SPA\",\"potentialAction\":[{\"@type\":\"SearchAction\",\"target\":{\"@type\":\"EntryPoint\",\"urlTemplate\":\"https:\/\/dev-v2.graecherhof.ch\/?s={search_term_string}\"},\"query-input\":{\"@type\":\"PropertyValueSpecification\",\"valueRequired\":true,\"valueName\":\"search_term_string\"}}],\"inLanguage\":\"fr-FR\"}]}<\/script>\n<!-- \/ Yoast SEO plugin. -->","yoast_head_json":{"title":"Toit Alpe Aebnet - Graecherhof","robots":{"index":"index","follow":"follow","max-snippet":"max-snippet:-1","max-image-preview":"max-image-preview:large","max-video-preview":"max-video-preview:-1"},"canonical":"https:\/\/dev-v2.graecherhof.ch\/fr\/produit\/toit-alpe-aebnet\/","og_locale":"fr_FR","og_type":"article","og_title":"Toit Alpe Aebnet - Graecherhof","og_description":"Elle dispose d&rsquo;une salle \u00e0 manger avec chemin\u00e9e et d&rsquo;une kitchenette avec r\u00e9frig\u00e9rateur. Elle comprend 3 chambres rustiques avec salle de bains priv\u00e9e et jacuzzi. Vue panoramique sur les montagnes et balcon c\u00f4t\u00e9 sud.","og_url":"https:\/\/dev-v2.graecherhof.ch\/fr\/produit\/toit-alpe-aebnet\/","og_site_name":"Graecherhof","article_modified_time":"2025-01-18T16:35:50+00:00","og_image":[{"width":1707,"height":1707,"url":"https:\/\/dev-v2.graecherhof.ch\/wp-content\/uploads\/2024\/11\/Romantic-Roof-Double-Room_Alpe-Balfrin-scaled-1.jpg","type":"image\/jpeg"}],"twitter_card":"summary_large_image","twitter_misc":{"Dur\u00e9e de lecture estim\u00e9e":"1 minute"},"schema":{"@context":"https:\/\/schema.org","@graph":[{"@type":"WebPage","@id":"https:\/\/dev-v2.graecherhof.ch\/fr\/produit\/toit-alpe-aebnet\/","url":"https:\/\/dev-v2.graecherhof.ch\/fr\/produit\/toit-alpe-aebnet\/","name":"Toit Alpe Aebnet - Graecherhof","isPartOf":{"@id":"https:\/\/dev-v2.graecherhof.ch\/#website"},"primaryImageOfPage":{"@id":"https:\/\/dev-v2.graecherhof.ch\/fr\/produit\/toit-alpe-aebnet\/#primaryimage"},"image":{"@id":"https:\/\/dev-v2.graecherhof.ch\/fr\/produit\/toit-alpe-aebnet\/#primaryimage"},"thumbnailUrl":"https:\/\/dev-v2.graecherhof.ch\/wp-content\/uploads\/2024\/11\/Romantic-Roof-Double-Room_Alpe-Balfrin-scaled-1.jpg","datePublished":"2024-11-12T21:09:39+00:00","dateModified":"2025-01-18T16:35:50+00:00","breadcrumb":{"@id":"https:\/\/dev-v2.graecherhof.ch\/fr\/produit\/toit-alpe-aebnet\/#breadcrumb"},"inLanguage":"fr-FR","potentialAction":[{"@type":"ReadAction","target":["https:\/\/dev-v2.graecherhof.ch\/fr\/produit\/toit-alpe-aebnet\/"]}]},{"@type":"ImageObject","inLanguage":"fr-FR","@id":"https:\/\/dev-v2.graecherhof.ch\/fr\/produit\/toit-alpe-aebnet\/#primaryimage","url":"https:\/\/dev-v2.graecherhof.ch\/wp-content\/uploads\/2024\/11\/Romantic-Roof-Double-Room_Alpe-Balfrin-scaled-1.jpg","contentUrl":"https:\/\/dev-v2.graecherhof.ch\/wp-content\/uploads\/2024\/11\/Romantic-Roof-Double-Room_Alpe-Balfrin-scaled-1.jpg","width":1707,"height":1707,"caption":"Chambre \u00e9l\u00e9gante et spacieuse \u00e0 l'h\u00f4tel Gr\u00e4cherhof, id\u00e9ale pour une escapade dans les Alpes suisses."},{"@type":"BreadcrumbList","@id":"https:\/\/dev-v2.graecherhof.ch\/fr\/produit\/toit-alpe-aebnet\/#breadcrumb","itemListElement":[{"@type":"ListItem","position":1,"name":"Home","item":"https:\/\/dev-v2.graecherhof.ch\/de\/"},{"@type":"ListItem","position":2,"name":"Shop","item":"https:\/\/dev-v2.graecherhof.ch\/shop\/"},{"@type":"ListItem","position":3,"name":"Toit Alpe Aebnet"}]},{"@type":"WebSite","@id":"https:\/\/dev-v2.graecherhof.ch\/#website","url":"https:\/\/dev-v2.graecherhof.ch\/","name":"Graecherhof","description":"Hotel &amp; SPA","potentialAction":[{"@type":"SearchAction","target":{"@type":"EntryPoint","urlTemplate":"https:\/\/dev-v2.graecherhof.ch\/?s={search_term_string}"},"query-input":{"@type":"PropertyValueSpecification","valueRequired":true,"valueName":"search_term_string"}}],"inLanguage":"fr-FR"}]}},"_links":{"self":[{"href":"https:\/\/dev-v2.graecherhof.ch\/fr\/wp-json\/wp\/v2\/product\/8708","targetHints":{"allow":["GET"]}}],"collection":[{"href":"https:\/\/dev-v2.graecherhof.ch\/fr\/wp-json\/wp\/v2\/product"}],"about":[{"href":"https:\/\/dev-v2.graecherhof.ch\/fr\/wp-json\/wp\/v2\/types\/product"}],"replies":[{"embeddable":true,"href":"https:\/\/dev-v2.graecherhof.ch\/fr\/wp-json\/wp\/v2\/comments?post=8708"}],"wp:featuredmedia":[{"embeddable":true,"href":"https:\/\/dev-v2.graecherhof.ch\/fr\/wp-json\/wp\/v2\/media\/8048"}],"wp:attachment":[{"href":"https:\/\/dev-v2.graecherhof.ch\/fr\/wp-json\/wp\/v2\/media?parent=8708"}],"wp:term":[{"taxonomy":"product_cat","embeddable":true,"href":"https:\/\/dev-v2.graecherhof.ch\/fr\/wp-json\/wp\/v2\/product_cat?post=8708"},{"taxonomy":"product_tag","embeddable":true,"href":"https:\/\/dev-v2.graecherhof.ch\/fr\/wp-json\/wp\/v2\/product_tag?post=8708"}],"curies":[{"name":"wp","href":"https:\/\/api.w.org\/{rel}","templated":true}]}}